{"id":1425,"date":"2025-09-13T20:26:24","date_gmt":"2025-09-13T18:26:24","guid":{"rendered":"https:\/\/refontesite.com\/eastwiserefonte\/?page_id=1425"},"modified":"2025-09-29T10:46:25","modified_gmt":"2025-09-29T08:46:25","slug":"procurement-solution","status":"publish","type":"page","link":"https:\/\/refontesite.com\/eastwiserefonte\/procurement-solution\/","title":{"rendered":"Procurement solution"},"content":{"rendered":"\t\t<div data-elementor-type=\"wp-page\" data-elementor-id=\"1425\" class=\"elementor elementor-1425\" data-elementor-post-type=\"page\">\n\t\t\t\t<div class=\"elementor-element elementor-element-1bd49d03 e-flex e-con-boxed e-con e-parent\" data-id=\"1bd49d03\" data-element_type=\"container\" data-settings=\"{&quot;background_background&quot;:&quot;classic&quot;}\">\n\t\t\t\t\t<div class=\"e-con-inner\">\n\t\t\t\t<div class=\"elementor-element elementor-element-65e81666 elementor-widget elementor-widget-spacer\" data-id=\"65e81666\" data-element_type=\"widget\" data-widget_type=\"spacer.default\">\n\t\t\t\t\t\t\t<div class=\"elementor-spacer\">\n\t\t\t<div class=\"elementor-spacer-inner\"><\/div>\n\t\t<\/div>\n\t\t\t\t\t\t<\/div>\n\t\t\t\t<div class=\"elementor-element elementor-element-7bd9da5f elementor-widget elementor-widget-heading\" data-id=\"7bd9da5f\" data-element_type=\"widget\" data-widget_type=\"heading.default\">\n\t\t\t\t\t<h1 class=\"elementor-heading-title elementor-size-default\">PROCUREMENT SOLUTIONS<\/h1>\t\t\t\t<\/div>\n\t\t\t\t<div class=\"elementor-element elementor-element-63a2e24c elementor-widget elementor-widget-eael-breadcrumbs\" data-id=\"63a2e24c\" data-element_type=\"widget\" data-widget_type=\"eael-breadcrumbs.default\">\n\t\t\t\t<div class=\"elementor-widget-container\">\n\t\t\t\t\t\t\t<div class=\"eael-breadcrumbs\">\n\t\t\t<div class=\"eael-breadcrumbs__content\"><a href=\"https:\/\/refontesite.com\/eastwiserefonte\">Accueil<\/a> <span class=\"eael-breadcrumb-separator\">\/<\/span> <span class = \"eael-current\">Page<\/span><\/div>\t\t<\/div>\n\t\t\t\t\t\t<\/div>\n\t\t\t\t<\/div>\n\t\t\t\t\t<\/div>\n\t\t\t\t<\/div>\n\t\t\t\t<section class=\"elementor-section elementor-top-section elementor-element elementor-element-5a606407 elementor-section-boxed elementor-section-height-default elementor-section-height-default\" data-id=\"5a606407\" data-element_type=\"section\" id=\"info-section\" data-settings=\"{&quot;background_background&quot;:&quot;classic&quot;}\">\n\t\t\t\t\t\t<div class=\"elementor-container elementor-column-gap-no\">\n\t\t\t\t\t<div class=\"elementor-column elementor-col-100 elementor-top-column elementor-element elementor-element-1fc08800\" data-id=\"1fc08800\" data-element_type=\"column\">\n\t\t\t<div class=\"elementor-widget-wrap elementor-element-populated\">\n\t\t\t\t\t\t<div class=\"elementor-element elementor-element-655b75f8 elementor-widget elementor-widget-heading\" data-id=\"655b75f8\" data-element_type=\"widget\" data-widget_type=\"heading.default\">\n\t\t\t\t\t<h2 class=\"elementor-heading-title elementor-size-default\">Vous avez d\u00e9j\u00e0 vos fournisseurs ?<\/h2>\t\t\t\t<\/div>\n\t\t\t\t<div class=\"elementor-element elementor-element-6a9335d elementor-widget elementor-widget-text-editor\" data-id=\"6a9335d\" data-element_type=\"widget\" data-widget_type=\"text-editor.default\">\n\t\t\t\t\t\t\t\t\t<p>EASTWISE devient votre bureau d\u2019achat externalis\u00e9.<\/p>\t\t\t\t\t\t\t\t<\/div>\n\t\t\t\t\t<\/div>\n\t\t<\/div>\n\t\t\t\t\t<\/div>\n\t\t<\/section>\n\t\t\t\t<section class=\"elementor-section elementor-top-section elementor-element elementor-element-6a6d556c elementor-section-boxed elementor-section-height-default elementor-section-height-default\" data-id=\"6a6d556c\" data-element_type=\"section\" data-settings=\"{&quot;background_background&quot;:&quot;classic&quot;}\">\n\t\t\t\t\t\t<div class=\"elementor-container elementor-column-gap-no\">\n\t\t\t\t\t<div class=\"elementor-column elementor-col-100 elementor-top-column elementor-element elementor-element-4aeb8cf8\" data-id=\"4aeb8cf8\" data-element_type=\"column\">\n\t\t\t<div class=\"elementor-widget-wrap elementor-element-populated\">\n\t\t\t\t\t\t<div class=\"elementor-element elementor-element-c4ff353 elementor-widget elementor-widget-heading\" data-id=\"c4ff353\" data-element_type=\"widget\" data-widget_type=\"heading.default\">\n\t\t\t\t\t<h2 class=\"elementor-heading-title elementor-size-default\">SUPPLY AND ORDER MANAGEMENT<\/h2>\t\t\t\t<\/div>\n\t\t\t\t<div class=\"elementor-element elementor-element-fbefbbf elementor-widget elementor-widget-image\" data-id=\"fbefbbf\" data-element_type=\"widget\" data-widget_type=\"image.default\">\n\t\t\t\t\t\t\t\t\t\t\t\t\t\t\t<img decoding=\"async\" width=\"185\" height=\"31\" src=\"https:\/\/refontesite.com\/eastwiserefonte\/wp-content\/uploads\/2025\/09\/SEPARATEUR-1.png\" class=\"attachment-full size-full wp-image-1090\" alt=\"SEPARATEUR.png\" \/>\t\t\t\t\t\t\t\t\t\t\t\t\t\t\t<\/div>\n\t\t<div class=\"elementor-element elementor-element-65b5307 e-grid e-con-boxed e-con e-parent\" data-id=\"65b5307\" data-element_type=\"container\">\n\t\t\t\t\t<div class=\"e-con-inner\">\n\t\t\t\t<div class=\"elementor-element elementor-element-ad2b4fa elementor-widget__width-initial elementor-invisible elementor-widget elementor-widget-text-editor\" data-id=\"ad2b4fa\" data-element_type=\"widget\" data-settings=\"{&quot;_animation&quot;:&quot;slideInLeft&quot;}\" data-widget_type=\"text-editor.default\">\n\t\t\t\t\t\t\t\t\t<p><span style=\"font-weight: 400;\">Vous \u00eates dirigeant, directeur achats, responsable supply chain. <\/span><\/p><p><span style=\"font-weight: 400;\">Vous avez \u00e9tabli un panel fournisseurs, mais vous souhaitez :<\/span><\/p><ul><li style=\"font-weight: 400;\" aria-level=\"1\"><b>Structurer et fiabiliser vos achats en Asie<\/b><span style=\"font-weight: 400;\">\u00a0;<\/span><\/li><li style=\"font-weight: 400;\" aria-level=\"1\"><b>D\u00e9l\u00e9guer la gestion quotidienne et op\u00e9rationnelle<\/b><span style=\"font-weight: 400;\">\u00a0;<\/span><\/li><li style=\"font-weight: 400;\" aria-level=\"1\"><b>Gagner du temps et de l&rsquo;efficience<\/b><span style=\"font-weight: 400;\">\u00a0sans perdre le contr\u00f4le ;<\/span><\/li><li style=\"font-weight: 400;\" aria-level=\"1\"><b>\u00c9tendre vos capacit\u00e9s<\/b><span style=\"font-weight: 400;\">\u00a0\u00e0 d\u2019autres zones g\u00e9ographiques ou \u00e0 de nouveaux fournisseurs, \u00e0 votre rythme.<\/span><\/li><\/ul>\t\t\t\t\t\t\t\t<\/div>\n\t\t\t\t<div class=\"elementor-element elementor-element-3e06a75 elementor-invisible elementor-widget elementor-widget-image\" data-id=\"3e06a75\" data-element_type=\"widget\" data-settings=\"{&quot;_animation&quot;:&quot;slideInRight&quot;}\" data-widget_type=\"image.default\">\n\t\t\t\t\t\t\t\t\t\t\t\t\t\t\t<img fetchpriority=\"high\" decoding=\"async\" width=\"800\" height=\"534\" src=\"https:\/\/refontesite.com\/eastwiserefonte\/wp-content\/uploads\/2025\/09\/AdobeStock_520941773_Preview.jpeg\" class=\"attachment-large size-large wp-image-1177\" alt=\"\" srcset=\"https:\/\/refontesite.com\/eastwiserefonte\/wp-content\/uploads\/2025\/09\/AdobeStock_520941773_Preview.jpeg 1000w, https:\/\/refontesite.com\/eastwiserefonte\/wp-content\/uploads\/2025\/09\/AdobeStock_520941773_Preview-300x200.jpeg 300w, https:\/\/refontesite.com\/eastwiserefonte\/wp-content\/uploads\/2025\/09\/AdobeStock_520941773_Preview-768x512.jpeg 768w\" sizes=\"(max-width: 800px) 100vw, 800px\" \/>\t\t\t\t\t\t\t\t\t\t\t\t\t\t\t<\/div>\n\t\t\t\t\t<\/div>\n\t\t\t\t<\/div>\n\t\t<div class=\"elementor-element elementor-element-5a164e7 e-flex e-con-boxed e-con e-parent\" data-id=\"5a164e7\" data-element_type=\"container\">\n\t\t\t\t\t<div class=\"e-con-inner\">\n\t\t\t\t<div class=\"elementor-element elementor-element-877bacd elementor-widget__width-initial elementor-widget elementor-widget-text-editor\" data-id=\"877bacd\" data-element_type=\"widget\" data-widget_type=\"text-editor.default\">\n\t\t\t\t\t\t\t\t\t<p><span style=\"font-weight: 400;\">Nous mettons en place une\u00a0<\/span><b>organisation semi-int\u00e9gr\u00e9e<\/b><span style=\"font-weight: 400;\">, \u00e0 vos c\u00f4t\u00e9s :<\/span><\/p>\t\t\t\t\t\t\t\t<\/div>\n\t\t<div class=\"elementor-element elementor-element-98a8908 e-grid e-con-full e-con e-child\" data-id=\"98a8908\" data-element_type=\"container\">\n\t\t\t\t<div class=\"elementor-element elementor-element-8480fee elementor-position-top elementor-invisible elementor-widget elementor-widget-image-box\" data-id=\"8480fee\" data-element_type=\"widget\" data-settings=\"{&quot;_animation&quot;:&quot;slideInLeft&quot;}\" data-widget_type=\"image-box.default\">\n\t\t\t\t\t<div class=\"elementor-image-box-wrapper\"><figure class=\"elementor-image-box-img\"><img decoding=\"async\" width=\"600\" height=\"600\" src=\"https:\/\/refontesite.com\/eastwiserefonte\/wp-content\/uploads\/2025\/09\/coordination.svg\" class=\"attachment-full size-full wp-image-1554\" alt=\"coordination\" \/><\/figure><div class=\"elementor-image-box-content\"><h3 class=\"elementor-image-box-title\">Coordination op\u00e9rationnelle et communication en local <\/h3><\/div><\/div>\t\t\t\t<\/div>\n\t\t\t\t<div class=\"elementor-element elementor-element-d244159 elementor-position-top elementor-invisible elementor-widget elementor-widget-image-box\" data-id=\"d244159\" data-element_type=\"widget\" data-settings=\"{&quot;_animation&quot;:&quot;slideInLeft&quot;}\" data-widget_type=\"image-box.default\">\n\t\t\t\t\t<div class=\"elementor-image-box-wrapper\"><figure class=\"elementor-image-box-img\"><img loading=\"lazy\" decoding=\"async\" width=\"600\" height=\"600\" src=\"https:\/\/refontesite.com\/eastwiserefonte\/wp-content\/uploads\/2025\/09\/gestion-commandes.svg\" class=\"attachment-full size-full wp-image-1555\" alt=\"gestion commandes\" \/><\/figure><div class=\"elementor-image-box-content\"><h3 class=\"elementor-image-box-title\">Gestion des commandes et des flux logistiques <\/h3><\/div><\/div>\t\t\t\t<\/div>\n\t\t\t\t<div class=\"elementor-element elementor-element-e632021 elementor-position-top elementor-invisible elementor-widget elementor-widget-image-box\" data-id=\"e632021\" data-element_type=\"widget\" data-settings=\"{&quot;_animation&quot;:&quot;slideInUp&quot;}\" data-widget_type=\"image-box.default\">\n\t\t\t\t\t<div class=\"elementor-image-box-wrapper\"><figure class=\"elementor-image-box-img\"><img loading=\"lazy\" decoding=\"async\" width=\"600\" height=\"600\" src=\"https:\/\/refontesite.com\/eastwiserefonte\/wp-content\/uploads\/2025\/09\/facturation.svg\" class=\"attachment-full size-full wp-image-1559\" alt=\"facturation\" \/><\/figure><div class=\"elementor-image-box-content\"><h3 class=\"elementor-image-box-title\">Consolidation, facturation, reporting, preuve de paiement <\/h3><\/div><\/div>\t\t\t\t<\/div>\n\t\t\t\t<div class=\"elementor-element elementor-element-982a1a9 elementor-position-top elementor-invisible elementor-widget elementor-widget-image-box\" data-id=\"982a1a9\" data-element_type=\"widget\" data-settings=\"{&quot;_animation&quot;:&quot;slideInUp&quot;}\" data-widget_type=\"image-box.default\">\n\t\t\t\t\t<div class=\"elementor-image-box-wrapper\"><figure class=\"elementor-image-box-img\"><img loading=\"lazy\" decoding=\"async\" width=\"600\" height=\"600\" src=\"https:\/\/refontesite.com\/eastwiserefonte\/wp-content\/uploads\/2025\/09\/qualite.svg\" class=\"attachment-full size-full wp-image-1565\" alt=\"qualite\" \/><\/figure><div class=\"elementor-image-box-content\"><h3 class=\"elementor-image-box-title\">Organisation des contr\u00f4les qualit\u00e9 <\/h3><\/div><\/div>\t\t\t\t<\/div>\n\t\t\t\t<div class=\"elementor-element elementor-element-d8f4a0d elementor-position-top elementor-invisible elementor-widget elementor-widget-image-box\" data-id=\"d8f4a0d\" data-element_type=\"widget\" data-settings=\"{&quot;_animation&quot;:&quot;slideInRight&quot;}\" data-widget_type=\"image-box.default\">\n\t\t\t\t\t<div class=\"elementor-image-box-wrapper\"><figure class=\"elementor-image-box-img\"><img loading=\"lazy\" decoding=\"async\" width=\"600\" height=\"600\" src=\"https:\/\/refontesite.com\/eastwiserefonte\/wp-content\/uploads\/2025\/09\/litiges.svg\" class=\"attachment-full size-full wp-image-1566\" alt=\"litiges\" \/><\/figure><div class=\"elementor-image-box-content\"><h3 class=\"elementor-image-box-title\">Support sur les litiges (retards, paiement, qualit\u00e9) <\/h3><\/div><\/div>\t\t\t\t<\/div>\n\t\t\t\t<div class=\"elementor-element elementor-element-5d52960 elementor-position-top elementor-invisible elementor-widget elementor-widget-image-box\" data-id=\"5d52960\" data-element_type=\"widget\" data-settings=\"{&quot;_animation&quot;:&quot;slideInRight&quot;}\" data-widget_type=\"image-box.default\">\n\t\t\t\t\t<div class=\"elementor-image-box-wrapper\"><figure class=\"elementor-image-box-img\"><img loading=\"lazy\" decoding=\"async\" width=\"600\" height=\"600\" src=\"https:\/\/refontesite.com\/eastwiserefonte\/wp-content\/uploads\/2025\/09\/commandes.svg\" class=\"attachment-full size-full wp-image-1567\" alt=\"commandes\" \/><\/figure><div class=\"elementor-image-box-content\"><h3 class=\"elementor-image-box-title\">Visualisation claire et \u00e0 jour de toutes vos commandes (pass\u00e9es, en cours, \u00e0 venir)<\/h3><\/div><\/div>\t\t\t\t<\/div>\n\t\t\t\t<\/div>\n\t\t\t\t\t<\/div>\n\t\t\t\t<\/div>\n\t\t\t\t\t<\/div>\n\t\t<\/div>\n\t\t\t\t\t<\/div>\n\t\t<\/section>\n\t\t<div class=\"elementor-element elementor-element-b22fb03 e-con-full e-flex e-con e-parent\" data-id=\"b22fb03\" data-element_type=\"container\">\n\t\t<div class=\"elementor-element elementor-element-118d180 e-con-full e-flex e-con e-child\" data-id=\"118d180\" data-element_type=\"container\" data-settings=\"{&quot;background_background&quot;:&quot;classic&quot;}\">\n\t\t\t\t<\/div>\n\t\t<div class=\"elementor-element elementor-element-9cb4447 e-con-full e-flex e-con e-child\" data-id=\"9cb4447\" data-element_type=\"container\" data-settings=\"{&quot;background_background&quot;:&quot;classic&quot;}\">\n\t\t\t\t<div class=\"elementor-element elementor-element-3f9eafe elementor-widget elementor-widget-heading\" data-id=\"3f9eafe\" data-element_type=\"widget\" data-widget_type=\"heading.default\">\n\t\t\t\t\t<h2 class=\"elementor-heading-title elementor-size-default\">OBJECTIFS<\/h2>\t\t\t\t<\/div>\n\t\t\t\t<div class=\"elementor-element elementor-element-bee608d elementor-widget elementor-widget-text-editor\" data-id=\"bee608d\" data-element_type=\"widget\" data-widget_type=\"text-editor.default\">\n\t\t\t\t\t\t\t\t\t<p><span style=\"font-weight: 400;\">All\u00e9ger vos \u00e9quipes, gagner en visibilit\u00e9, r\u00e9duire les risques, optimiser vos co\u00fbts.<\/span><\/p>\t\t\t\t\t\t\t\t<\/div>\n\t\t\t\t<div class=\"elementor-element elementor-element-c5ed624 elementor-align-center elementor-widget elementor-widget-button\" data-id=\"c5ed624\" data-element_type=\"widget\" data-widget_type=\"button.default\">\n\t\t\t\t\t\t\t\t\t\t<a class=\"elementor-button elementor-button-link elementor-size-sm\" href=\"#\">\n\t\t\t\t\t\t<span class=\"elementor-button-content-wrapper\">\n\t\t\t\t\t\t\t\t\t<span class=\"elementor-button-text\">Voir un exemple<\/span>\n\t\t\t\t\t<\/span>\n\t\t\t\t\t<\/a>\n\t\t\t\t\t\t\t\t<\/div>\n\t\t\t\t<\/div>\n\t\t\t\t<\/div>\n\t\t<div class=\"elementor-element elementor-element-17b75980 e-con-full e-flex e-con e-parent\" data-id=\"17b75980\" data-element_type=\"container\" data-settings=\"{&quot;background_background&quot;:&quot;classic&quot;}\">\n\t\t<div class=\"elementor-element elementor-element-100ae191 e-con-full e-flex e-con e-child\" data-id=\"100ae191\" data-element_type=\"container\" data-settings=\"{&quot;background_background&quot;:&quot;classic&quot;}\">\n\t\t\t\t<div class=\"elementor-element elementor-element-914e2ab elementor-widget elementor-widget-spacer\" data-id=\"914e2ab\" data-element_type=\"widget\" data-widget_type=\"spacer.default\">\n\t\t\t\t\t\t\t<div class=\"elementor-spacer\">\n\t\t\t<div class=\"elementor-spacer-inner\"><\/div>\n\t\t<\/div>\n\t\t\t\t\t\t<\/div>\n\t\t\t\t<div class=\"elementor-element elementor-element-24df6364 elementor-widget elementor-widget-heading\" data-id=\"24df6364\" data-element_type=\"widget\" data-widget_type=\"heading.default\">\n\t\t\t\t\t<h3 class=\"elementor-heading-title elementor-size-default\">Vous ne savez pas encore quelle solution est faite pour vous ?<\/h3>\t\t\t\t<\/div>\n\t\t\t\t<div class=\"elementor-element elementor-element-396fc30f elementor-widget elementor-widget-text-editor\" data-id=\"396fc30f\" data-element_type=\"widget\" data-widget_type=\"text-editor.default\">\n\t\t\t\t\t\t\t\t\t<p><b>Nous vous aidons \u00e0 choisir.<\/b><\/p>\t\t\t\t\t\t\t\t<\/div>\n\t\t\t\t<div class=\"elementor-element elementor-element-2929b2fe elementor-align-center elementor-widget elementor-widget-button\" data-id=\"2929b2fe\" data-element_type=\"widget\" data-widget_type=\"button.default\">\n\t\t\t\t\t\t\t\t\t\t<a class=\"elementor-button elementor-button-link elementor-size-sm\" href=\"#\">\n\t\t\t\t\t\t<span class=\"elementor-button-content-wrapper\">\n\t\t\t\t\t\t\t\t\t<span class=\"elementor-button-text\">Parlons-en !<\/span>\n\t\t\t\t\t<\/span>\n\t\t\t\t\t<\/a>\n\t\t\t\t\t\t\t\t<\/div>\n\t\t\t\t<div class=\"elementor-element elementor-element-27cb07dc elementor-widget elementor-widget-spacer\" data-id=\"27cb07dc\" data-element_type=\"widget\" data-widget_type=\"spacer.default\">\n\t\t\t\t\t\t\t<div class=\"elementor-spacer\">\n\t\t\t<div class=\"elementor-spacer-inner\"><\/div>\n\t\t<\/div>\n\t\t\t\t\t\t<\/div>\n\t\t\t\t<\/div>\n\t\t\t\t<\/div>\n\t\t\t\t<\/div>\n\t\t","protected":false},"excerpt":{"rendered":"<p>PROCUREMENT SOLUTIONS Accueil \/ Page Vous avez d\u00e9j\u00e0 vos fournisseurs ? EASTWISE devient votre bureau d\u2019achat externalis\u00e9. SUPPLY AND ORDER MANAGEMENT Vous \u00eates dirigeant, directeur achats, responsable supply chain. Vous avez \u00e9tabli un panel fournisseurs, mais vous souhaitez : Structurer et fiabiliser vos achats en Asie\u00a0; D\u00e9l\u00e9guer la gestion quotidienne et op\u00e9rationnelle\u00a0; Gagner du temps [&hellip;]<\/p>\n","protected":false},"author":1,"featured_media":0,"parent":0,"menu_order":0,"comment_status":"closed","ping_status":"closed","template":"elementor_header_footer","meta":{"_eb_attr":"","footnotes":""},"class_list":["post-1425","page","type-page","status-publish","hentry"],"lang":"fr","translations":{"fr":1425,"en":6297,"de":6855},"pll_sync_post":[],"_links":{"self":[{"href":"https:\/\/refontesite.com\/eastwiserefonte\/wp-json\/wp\/v2\/pages\/1425","targetHints":{"allow":["GET"]}}],"collection":[{"href":"https:\/\/refontesite.com\/eastwiserefonte\/wp-json\/wp\/v2\/pages"}],"about":[{"href":"https:\/\/refontesite.com\/eastwiserefonte\/wp-json\/wp\/v2\/types\/page"}],"author":[{"embeddable":true,"href":"https:\/\/refontesite.com\/eastwiserefonte\/wp-json\/wp\/v2\/users\/1"}],"replies":[{"embeddable":true,"href":"https:\/\/refontesite.com\/eastwiserefonte\/wp-json\/wp\/v2\/comments?post=1425"}],"version-history":[{"count":118,"href":"https:\/\/refontesite.com\/eastwiserefonte\/wp-json\/wp\/v2\/pages\/1425\/revisions"}],"predecessor-version":[{"id":3145,"href":"https:\/\/refontesite.com\/eastwiserefonte\/wp-json\/wp\/v2\/pages\/1425\/revisions\/3145"}],"wp:attachment":[{"href":"https:\/\/refontesite.com\/eastwiserefonte\/wp-json\/wp\/v2\/media?parent=1425"}],"curies":[{"name":"wp","href":"https:\/\/api.w.org\/{rel}","templated":true}]}}