{"id":6809,"date":"2025-09-13T20:49:01","date_gmt":"2025-09-13T18:49:01","guid":{"rendered":"https:\/\/refontesite.com\/eastwiserefonte\/?page_id=6809"},"modified":"2025-11-04T16:34:17","modified_gmt":"2025-11-04T15:34:17","slug":"kompletter-lieferpartner","status":"publish","type":"page","link":"https:\/\/refontesite.com\/eastwiserefonte\/de\/kompletter-lieferpartner\/","title":{"rendered":"Kompletter Lieferpartner"},"content":{"rendered":"\t\t<div data-elementor-type=\"wp-page\" data-elementor-id=\"6809\" class=\"elementor elementor-6809\" data-elementor-post-type=\"page\">\n\t\t\t\t<div class=\"elementor-element elementor-element-1bd49d03 e-flex e-con-boxed e-con e-parent\" data-id=\"1bd49d03\" data-element_type=\"container\" data-settings=\"{&quot;background_background&quot;:&quot;classic&quot;}\">\n\t\t\t\t\t<div class=\"e-con-inner\">\n\t\t\t\t<div class=\"elementor-element elementor-element-65e81666 elementor-widget elementor-widget-spacer\" data-id=\"65e81666\" data-element_type=\"widget\" data-widget_type=\"spacer.default\">\n\t\t\t\t\t\t\t<div class=\"elementor-spacer\">\n\t\t\t<div class=\"elementor-spacer-inner\"><\/div>\n\t\t<\/div>\n\t\t\t\t\t\t<\/div>\n\t\t\t\t<div class=\"elementor-element elementor-element-7bd9da5f elementor-widget elementor-widget-heading\" data-id=\"7bd9da5f\" data-element_type=\"widget\" data-widget_type=\"heading.default\">\n\t\t\t\t\t<h1 class=\"elementor-heading-title elementor-size-default\">End-to-End-Versorgungspartner<\/h1>\t\t\t\t<\/div>\n\t\t\t\t<div class=\"elementor-element elementor-element-63a2e24c elementor-widget elementor-widget-eael-breadcrumbs\" data-id=\"63a2e24c\" data-element_type=\"widget\" data-widget_type=\"eael-breadcrumbs.default\">\n\t\t\t\t<div class=\"elementor-widget-container\">\n\t\t\t\t\t\t\t<div class=\"eael-breadcrumbs\">\n\t\t\t<div class=\"eael-breadcrumbs__content\"><a href=\"https:\/\/refontesite.com\/eastwiserefonte\">Herzlich willkommen<\/a> <span class=\"eael-breadcrumb-separator\">\/<\/span> <span class = \"eael-current\">Page<\/span><\/div>\t\t<\/div>\n\t\t\t\t\t\t<\/div>\n\t\t\t\t<\/div>\n\t\t\t\t\t<\/div>\n\t\t\t\t<\/div>\n\t\t\t\t<section class=\"elementor-section elementor-top-section elementor-element elementor-element-5a606407 elementor-section-boxed elementor-section-height-default elementor-section-height-default\" data-id=\"5a606407\" data-element_type=\"section\" id=\"info-section\" data-settings=\"{&quot;background_background&quot;:&quot;classic&quot;}\">\n\t\t\t\t\t\t<div class=\"elementor-container elementor-column-gap-no\">\n\t\t\t\t\t<div class=\"elementor-column elementor-col-100 elementor-top-column elementor-element elementor-element-1fc08800\" data-id=\"1fc08800\" data-element_type=\"column\">\n\t\t\t<div class=\"elementor-widget-wrap elementor-element-populated\">\n\t\t\t\t\t\t<div class=\"elementor-element elementor-element-655b75f8 elementor-widget elementor-widget-heading\" data-id=\"655b75f8\" data-element_type=\"widget\" data-widget_type=\"heading.default\">\n\t\t\t\t\t<h3 class=\"elementor-heading-title elementor-size-default\">Suchen Sie neue Produkte oder erneuern Sie Ihr Angebot? <\/h3>\t\t\t\t<\/div>\n\t\t\t\t<div class=\"elementor-element elementor-element-6a9335d elementor-widget elementor-widget-text-editor\" data-id=\"6a9335d\" data-element_type=\"widget\" data-widget_type=\"text-editor.default\">\n\t\t\t\t\t\t\t\t\t<p>Eastwise ist Ihr Beschleuniger.<\/p>\t\t\t\t\t\t\t\t<\/div>\n\t\t\t\t\t<\/div>\n\t\t<\/div>\n\t\t\t\t\t<\/div>\n\t\t<\/section>\n\t\t\t\t<section class=\"elementor-section elementor-top-section elementor-element elementor-element-6a6d556c elementor-section-boxed elementor-section-height-default elementor-section-height-default elementor-invisible\" data-id=\"6a6d556c\" data-element_type=\"section\" data-settings=\"{&quot;background_background&quot;:&quot;classic&quot;,&quot;animation&quot;:&quot;fadeIn&quot;}\">\n\t\t\t\t\t\t<div class=\"elementor-container elementor-column-gap-no\">\n\t\t\t\t\t<div class=\"elementor-column elementor-col-100 elementor-top-column elementor-element elementor-element-4aeb8cf8\" data-id=\"4aeb8cf8\" data-element_type=\"column\">\n\t\t\t<div class=\"elementor-widget-wrap elementor-element-populated\">\n\t\t\t\t\t\t<div class=\"elementor-element elementor-element-c4ff353 elementor-widget elementor-widget-heading\" data-id=\"c4ff353\" data-element_type=\"widget\" data-widget_type=\"heading.default\">\n\t\t\t\t\t<h2 class=\"elementor-heading-title elementor-size-default\">Produktversorgungsl\u00f6sung<\/h2>\t\t\t\t<\/div>\n\t\t\t\t<div class=\"elementor-element elementor-element-fbefbbf elementor-widget elementor-widget-image\" data-id=\"fbefbbf\" data-element_type=\"widget\" data-widget_type=\"image.default\">\n\t\t\t\t\t\t\t\t\t\t\t\t\t\t\t<img decoding=\"async\" width=\"185\" height=\"31\" src=\"https:\/\/refontesite.com\/eastwiserefonte\/wp-content\/uploads\/2025\/09\/SEPARATEUR-1.png\" class=\"attachment-full size-full wp-image-1090\" alt=\"SEPARATEUR.png\" \/>\t\t\t\t\t\t\t\t\t\t\t\t\t\t\t<\/div>\n\t\t<div class=\"elementor-element elementor-element-e01ce7d e-flex e-con-boxed e-con e-parent\" data-id=\"e01ce7d\" data-element_type=\"container\">\n\t\t\t\t\t<div class=\"e-con-inner\">\n\t\t\t\t<div class=\"elementor-element elementor-element-fae8cfa elementor-widget__width-initial elementor-widget elementor-widget-text-editor\" data-id=\"fae8cfa\" data-element_type=\"widget\" data-widget_type=\"text-editor.default\">\n\t\t\t\t\t\t\t\t\t<p>M\u00fcssen Sie Ihr Angebot erneuern, eine Marktnachfrage erf\u00fcllen oder ein neues Sortiment entwickeln?<\/p><p><strong>Unsere Teams unterst\u00fctzen Sie:<\/strong><\/p>\t\t\t\t\t\t\t\t<\/div>\n\t\t<div class=\"elementor-element elementor-element-b599999 e-grid e-con-full e-con e-child\" data-id=\"b599999\" data-element_type=\"container\">\n\t\t\t\t<div class=\"elementor-element elementor-element-81444ff elementor-position-top elementor-invisible elementor-widget elementor-widget-image-box\" data-id=\"81444ff\" data-element_type=\"widget\" data-settings=\"{&quot;_animation&quot;:&quot;fadeInLeft&quot;}\" data-widget_type=\"image-box.default\">\n\t\t\t\t\t<div class=\"elementor-image-box-wrapper\"><figure class=\"elementor-image-box-img\"><img fetchpriority=\"high\" decoding=\"async\" width=\"600\" height=\"600\" src=\"https:\/\/refontesite.com\/eastwiserefonte\/wp-content\/uploads\/2025\/09\/recherche-fournisseur.svg\" class=\"attachment-full size-full wp-image-1604\" alt=\"recherche fournisseur\" \/><\/figure><div class=\"elementor-image-box-content\"><h3 class=\"elementor-image-box-title\">Auf der Suche nach den besten Lieferanten <\/h3><\/div><\/div>\t\t\t\t<\/div>\n\t\t\t\t<div class=\"elementor-element elementor-element-538058c elementor-position-top elementor-invisible elementor-widget elementor-widget-image-box\" data-id=\"538058c\" data-element_type=\"widget\" data-settings=\"{&quot;_animation&quot;:&quot;fadeInUp&quot;}\" data-widget_type=\"image-box.default\">\n\t\t\t\t\t<div class=\"elementor-image-box-wrapper\"><figure class=\"elementor-image-box-img\"><img decoding=\"async\" width=\"600\" height=\"600\" src=\"https:\/\/refontesite.com\/eastwiserefonte\/wp-content\/uploads\/2025\/09\/negociation-tarifaire.svg\" class=\"attachment-full size-full wp-image-1605\" alt=\"negociation tarifaire\" \/><\/figure><div class=\"elementor-image-box-content\"><h3 class=\"elementor-image-box-title\">bei der Verhandlung von Tarifbedingungen <\/h3><\/div><\/div>\t\t\t\t<\/div>\n\t\t\t\t<div class=\"elementor-element elementor-element-2964d3f elementor-position-top elementor-invisible elementor-widget elementor-widget-image-box\" data-id=\"2964d3f\" data-element_type=\"widget\" data-settings=\"{&quot;_animation&quot;:&quot;fadeInUp&quot;}\" data-widget_type=\"image-box.default\">\n\t\t\t\t\t<div class=\"elementor-image-box-wrapper\"><figure class=\"elementor-image-box-img\"><img loading=\"lazy\" decoding=\"async\" width=\"600\" height=\"600\" src=\"https:\/\/refontesite.com\/eastwiserefonte\/wp-content\/uploads\/2025\/09\/produit-innovant.svg\" class=\"attachment-full size-full wp-image-1606\" alt=\"produit innovant\" \/><\/figure><div class=\"elementor-image-box-content\"><h3 class=\"elementor-image-box-title\">Im proaktiven Vorschlag innovativer, wettbewerbsf\u00e4higer und zuverl\u00e4ssiger Produkte <\/h3><\/div><\/div>\t\t\t\t<\/div>\n\t\t\t\t<div class=\"elementor-element elementor-element-f55a451 elementor-position-top elementor-invisible elementor-widget elementor-widget-image-box\" data-id=\"f55a451\" data-element_type=\"widget\" data-settings=\"{&quot;_animation&quot;:&quot;fadeInRight&quot;}\" data-widget_type=\"image-box.default\">\n\t\t\t\t\t<div class=\"elementor-image-box-wrapper\"><figure class=\"elementor-image-box-img\"><img loading=\"lazy\" decoding=\"async\" width=\"600\" height=\"600\" src=\"https:\/\/refontesite.com\/eastwiserefonte\/wp-content\/uploads\/2025\/09\/gestion-fabrication-livraison.svg\" class=\"attachment-full size-full wp-image-1607\" alt=\"gestion fabrication livraison\" \/><\/figure><div class=\"elementor-image-box-content\"><h3 class=\"elementor-image-box-title\">und bei der vollst\u00e4ndigen Umsetzung der Lieferkette und Qualit\u00e4t bis zur Lieferung<\/h3><\/div><\/div>\t\t\t\t<\/div>\n\t\t\t\t<\/div>\n\t\t<div class=\"elementor-element elementor-element-5a9fc4b e-con-full e-flex elementor-invisible e-con e-child\" data-id=\"5a9fc4b\" data-element_type=\"container\" data-settings=\"{&quot;background_background&quot;:&quot;classic&quot;,&quot;animation&quot;:&quot;fadeInUp&quot;}\">\n\t\t\t\t<div class=\"elementor-element elementor-element-81584d3 elementor-widget elementor-widget-spacer\" data-id=\"81584d3\" data-element_type=\"widget\" data-widget_type=\"spacer.default\">\n\t\t\t\t\t\t\t<div class=\"elementor-spacer\">\n\t\t\t<div class=\"elementor-spacer-inner\"><\/div>\n\t\t<\/div>\n\t\t\t\t\t\t<\/div>\n\t\t\t\t<div class=\"elementor-element elementor-element-39b19dc elementor-widget elementor-widget-text-editor\" data-id=\"39b19dc\" data-element_type=\"widget\" data-widget_type=\"text-editor.default\">\n\t\t\t\t\t\t\t\t\t<p>Unsere Rolle<\/p>\t\t\t\t\t\t\t\t<\/div>\n\t\t\t\t<div class=\"elementor-element elementor-element-418b0bf elementor-widget elementor-widget-text-editor\" data-id=\"418b0bf\" data-element_type=\"widget\" data-widget_type=\"text-editor.default\">\n\t\t\t\t\t\t\t\t\t<p><span style=\"font-weight: 400;\">Bieten Sie die richtigen Produkte zum richtigen Zeitpunkt zum richtigen Preis an <\/span><span style=\"font-weight: 400;\"><br>und garantiert Qualit\u00e4ts- und Compliance-Standards.<\/span><\/p>\t\t\t\t\t\t\t\t<\/div>\n\t\t\t\t<div class=\"elementor-element elementor-element-c3c07b7 elementor-align-center elementor-widget elementor-widget-button\" data-id=\"c3c07b7\" data-element_type=\"widget\" data-widget_type=\"button.default\">\n\t\t\t\t\t\t\t\t\t\t<a class=\"elementor-button elementor-button-link elementor-size-sm\" href=\"https:\/\/refontesite.com\/eastwiserefonte\/en\/contact\/\">\n\t\t\t\t\t\t<span class=\"elementor-button-content-wrapper\">\n\t\t\t\t\t\t\t\t\t<span class=\"elementor-button-text\">Sprechen Sie uns an!<\/span>\n\t\t\t\t\t<\/span>\n\t\t\t\t\t<\/a>\n\t\t\t\t\t\t\t\t<\/div>\n\t\t\t\t<div class=\"elementor-element elementor-element-ed3a0cd elementor-widget elementor-widget-spacer\" data-id=\"ed3a0cd\" data-element_type=\"widget\" data-widget_type=\"spacer.default\">\n\t\t\t\t\t\t\t<div class=\"elementor-spacer\">\n\t\t\t<div class=\"elementor-spacer-inner\"><\/div>\n\t\t<\/div>\n\t\t\t\t\t\t<\/div>\n\t\t\t\t<\/div>\n\t\t\t\t\t<\/div>\n\t\t\t\t<\/div>\n\t\t\t\t\t<\/div>\n\t\t<\/div>\n\t\t\t\t\t<\/div>\n\t\t<\/section>\n\t\t<div class=\"elementor-element elementor-element-6dfb96c e-con-full e-flex elementor-invisible e-con e-parent\" data-id=\"6dfb96c\" data-element_type=\"container\" data-settings=\"{&quot;background_background&quot;:&quot;classic&quot;,&quot;animation&quot;:&quot;fadeIn&quot;}\">\n\t\t<div class=\"elementor-element elementor-element-421764d e-con-full e-flex e-con e-child\" data-id=\"421764d\" data-element_type=\"container\" data-settings=\"{&quot;animation&quot;:&quot;none&quot;,&quot;background_background&quot;:&quot;classic&quot;}\">\n\t\t\t\t<\/div>\n\t\t<div class=\"elementor-element elementor-element-6de63c8 e-con-full e-flex e-con e-child\" data-id=\"6de63c8\" data-element_type=\"container\" data-settings=\"{&quot;animation&quot;:&quot;none&quot;,&quot;background_background&quot;:&quot;classic&quot;}\">\n\t\t\t\t<div class=\"elementor-element elementor-element-c2d471d elementor-widget elementor-widget-heading\" data-id=\"c2d471d\" data-element_type=\"widget\" data-widget_type=\"heading.default\">\n\t\t\t\t\t<h3 class=\"elementor-heading-title elementor-size-default\">Ein nachhaltiger und verantwortungsvoller Ansatz<\/h3>\t\t\t\t<\/div>\n\t\t\t\t<div class=\"elementor-element elementor-element-bfa00e2 elementor-widget__width-initial elementor-widget elementor-widget-text-editor\" data-id=\"bfa00e2\" data-element_type=\"widget\" data-widget_type=\"text-editor.default\">\n\t\t\t\t\t\t\t\t\t<p><span style=\"font-weight: 400;\">Da nun jedes Unternehmen nach seiner verantwortungsvollen Einkaufspolitik erwartet wird, integrieren wir die Themen&nbsp;<\/span><b>CSR<\/b><span style=\"font-weight: 400;\">&nbsp;Bei unserem Ansatz.<\/span><\/p><p><span style=\"font-weight: 400;\">Unsere L\u00f6sungen basieren auf:<\/span><\/p><ul><li style=\"font-weight: 400;\" aria-level=\"1\"><span style=\"font-weight: 400;\">CSR- und Sozialaudits Ihrer Lieferanten in Asien;<\/span><\/li><li style=\"font-weight: 400;\" aria-level=\"1\"><span style=\"font-weight: 400;\">verantwortungsvolle Beschaffungspraktiken;<\/span><\/li><li style=\"font-weight: 400;\" aria-level=\"1\"><span style=\"font-weight: 400;\">Konsequentes Management von Qualit\u00e4ts- und Compliance-Verpflichtungen.<\/span><\/li><\/ul>\t\t\t\t\t\t\t\t<\/div>\n\t\t\t\t<\/div>\n\t\t\t\t<\/div>\n\t\t<div class=\"elementor-element elementor-element-17b75980 e-con-full e-flex e-con e-parent\" data-id=\"17b75980\" data-element_type=\"container\" data-settings=\"{&quot;background_background&quot;:&quot;classic&quot;}\">\n\t\t<div class=\"elementor-element elementor-element-100ae191 e-con-full e-flex e-con e-child\" data-id=\"100ae191\" data-element_type=\"container\" data-settings=\"{&quot;background_background&quot;:&quot;classic&quot;}\">\n\t\t\t\t<div class=\"elementor-element elementor-element-914e2ab elementor-widget elementor-widget-spacer\" data-id=\"914e2ab\" data-element_type=\"widget\" data-widget_type=\"spacer.default\">\n\t\t\t\t\t\t\t<div class=\"elementor-spacer\">\n\t\t\t<div class=\"elementor-spacer-inner\"><\/div>\n\t\t<\/div>\n\t\t\t\t\t\t<\/div>\n\t\t\t\t<div class=\"elementor-element elementor-element-24df6364 elementor-widget elementor-widget-heading\" data-id=\"24df6364\" data-element_type=\"widget\" data-widget_type=\"heading.default\">\n\t\t\t\t\t<h3 class=\"elementor-heading-title elementor-size-default\">Sie sind sich noch nicht sicher, welche L\u00f6sung f\u00fcr Sie ist?<\/h3>\t\t\t\t<\/div>\n\t\t\t\t<div class=\"elementor-element elementor-element-396fc30f elementor-widget elementor-widget-text-editor\" data-id=\"396fc30f\" data-element_type=\"widget\" data-widget_type=\"text-editor.default\">\n\t\t\t\t\t\t\t\t\t<p><b>Wir helfen Ihnen bei der Auswahl.<\/b><\/p>\t\t\t\t\t\t\t\t<\/div>\n\t\t\t\t<div class=\"elementor-element elementor-element-2929b2fe elementor-align-center elementor-widget elementor-widget-button\" data-id=\"2929b2fe\" data-element_type=\"widget\" data-widget_type=\"button.default\">\n\t\t\t\t\t\t\t\t\t\t<a class=\"elementor-button elementor-button-link elementor-size-sm\" href=\"https:\/\/refontesite.com\/eastwiserefonte\/en\/contact\/\">\n\t\t\t\t\t\t<span class=\"elementor-button-content-wrapper\">\n\t\t\t\t\t\t\t\t\t<span class=\"elementor-button-text\">Lassen Sies reden dar\u00fcber!<\/span>\n\t\t\t\t\t<\/span>\n\t\t\t\t\t<\/a>\n\t\t\t\t\t\t\t\t<\/div>\n\t\t\t\t<div class=\"elementor-element elementor-element-27cb07dc elementor-widget elementor-widget-spacer\" data-id=\"27cb07dc\" data-element_type=\"widget\" data-widget_type=\"spacer.default\">\n\t\t\t\t\t\t\t<div class=\"elementor-spacer\">\n\t\t\t<div class=\"elementor-spacer-inner\"><\/div>\n\t\t<\/div>\n\t\t\t\t\t\t<\/div>\n\t\t\t\t<\/div>\n\t\t\t\t<\/div>\n\t\t\t\t<\/div>\n\t\t","protected":false},"excerpt":{"rendered":"<p>End-to-End-Versorgungspartner Herzlich willkommen \/ Seite Suchen Sie neue Produkte oder erneuern Sie Ihr Angebot? Eastwise ist Ihr Beschleuniger. Produktversorgungsl\u00f6sung M\u00fcssen Sie Ihr Angebot erneuern, eine Marktnachfrage erf\u00fcllen oder ein neues Sortiment entwickeln? Unsere Teams unterst\u00fctzen Sie: Auf der Suche nach den besten Lieferanten bei der Verhandlung von Tarifbedingungen Im proaktiven Vorschlag innovativer, wettbewerbsf\u00e4higer und zuverl\u00e4ssiger [&hellip;]<\/p>\n","protected":false},"author":1,"featured_media":0,"parent":0,"menu_order":0,"comment_status":"closed","ping_status":"closed","template":"elementor_header_footer","meta":{"_eb_attr":"","footnotes":""},"class_list":["post-6809","page","type-page","status-publish","hentry"],"lang":"de","translations":{"de":6809,"en":6268,"fr":1469},"pll_sync_post":[],"_links":{"self":[{"href":"https:\/\/refontesite.com\/eastwiserefonte\/wp-json\/wp\/v2\/pages\/6809","targetHints":{"allow":["GET"]}}],"collection":[{"href":"https:\/\/refontesite.com\/eastwiserefonte\/wp-json\/wp\/v2\/pages"}],"about":[{"href":"https:\/\/refontesite.com\/eastwiserefonte\/wp-json\/wp\/v2\/types\/page"}],"author":[{"embeddable":true,"href":"https:\/\/refontesite.com\/eastwiserefonte\/wp-json\/wp\/v2\/users\/1"}],"replies":[{"embeddable":true,"href":"https:\/\/refontesite.com\/eastwiserefonte\/wp-json\/wp\/v2\/comments?post=6809"}],"version-history":[{"count":5,"href":"https:\/\/refontesite.com\/eastwiserefonte\/wp-json\/wp\/v2\/pages\/6809\/revisions"}],"predecessor-version":[{"id":6814,"href":"https:\/\/refontesite.com\/eastwiserefonte\/wp-json\/wp\/v2\/pages\/6809\/revisions\/6814"}],"wp:attachment":[{"href":"https:\/\/refontesite.com\/eastwiserefonte\/wp-json\/wp\/v2\/media?parent=6809"}],"curies":[{"name":"wp","href":"https:\/\/api.w.org\/{rel}","templated":true}]}}