{"id":6853,"date":"2025-08-16T20:41:25","date_gmt":"2025-08-16T18:41:25","guid":{"rendered":"https:\/\/refontesite.com\/eastwiserefonte\/?page_id=6853"},"modified":"2025-11-04T17:34:01","modified_gmt":"2025-11-04T16:34:01","slug":"datenschutzerklaerung","status":"publish","type":"page","link":"https:\/\/refontesite.com\/eastwiserefonte\/de\/datenschutzerklaerung\/","title":{"rendered":"Datenschutzerkl\u00e4rung"},"content":{"rendered":"\n<h2 class=\"wp-block-heading\">Wer sind wir?<\/h2>\n\n\n\n<p><strong class=\"privacy-policy-tutorial\">Empfohlener Text: <\/strong>Die Adresse unserer Website lautet: https:\/\/refontesite.com\/eastwisefonte.<\/p>\n\n\n\n<h2 class=\"wp-block-heading\">Bemerkungen<\/h2>\n\n\n\n<p><strong class=\"privacy-policy-tutorial\">Empfohlener Text: <\/strong>Wenn Sie auf unserer Website einen Kommentar hinterlassen, werden die im Kommentarformular eingegebenen Daten sowie Ihre IP-Adresse und Ihr Browser-Benutzeragent erhoben, um uns dabei zu helfen, unerw\u00fcnschte Kommentare zu erkennen.<\/p>\n\n\n\n<p>Eine anonymisierte Zeichenfolge, die aus Ihrer E-Mail-Adresse (auch Hash genannt) erstellt wurde, kann an den Gravatar-Dienst gesendet werden, um zu \u00fcberpr\u00fcfen, ob Sie sie verwenden. Die Datenschutzklauseln von Gravatar sind hier verf\u00fcgbar: https:\/\/automattic.com\/privacy\/. Nach der Validierung Ihres Kommentars wird Ihr Profilbild neben Ihrem Kommentar \u00f6ffentlich sichtbar.<\/p>\n\n\n\n<h2 class=\"wp-block-heading\">Medien<\/h2>\n\n\n\n<p><strong class=\"privacy-policy-tutorial\">Empfohlener Text: <\/strong>Wenn Sie Bilder auf die Website hochladen, empfehlen wir Ihnen, Bilder mit GPS-Koordinaten-EXIF-Daten hochzuladen. Personen, die Ihre Website besuchen, k\u00f6nnen Standortdaten von diesen Bildern herunterladen und extrahieren.<\/p>\n\n\n\n<h2 class=\"wp-block-heading\">Geb\u00e4ck<\/h2>\n\n\n\n<p><strong class=\"privacy-policy-tutorial\">Empfohlener Text: <\/strong>Wenn Sie einen Kommentar auf unserer Website ver\u00f6ffentlichen, wird Ihnen angeboten, Ihren Namen, Ihre E-Mail-Adresse und Ihre Website in Cookies zu speichern. Dies ist nur zu Ihrem Komfort, sodass Sie diese Informationen nicht eingeben m\u00fcssen, wenn Sie sp\u00e4ter einen weiteren Kommentar hinterlassen. Diese Cookies verfallen nach einem Jahr.<\/p>\n\n\n\n<p>Gehen Sie zur Anmeldeseite, wird ein tempor\u00e4res Cookie erstellt, um festzustellen, ob Ihr Browser Cookies akzeptiert. Sie enth\u00e4lt keine personenbezogenen Daten und wird automatisch gel\u00f6scht, wenn Ihr Browser schlie\u00dft.<\/p>\n\n\n\n<p>Wenn Sie sich anmelden, richten wir eine Reihe von Cookies ein, um Ihre Anmeldeinformationen und Bildschirmeinstellungen zu speichern. Die Lebensdauer eines Login-Cookies betr\u00e4gt zwei Tage, die eines Screen-Options-Cookies ein Jahr. Wenn Sie &lsquo;Erinnern Sie mich&rsquo; aktivieren, wird Ihr Login-Cookie zwei Wochen lang aufbewahrt. Wenn Sie sich von Ihrem Konto abmelden, wird das Login-Cookie gel\u00f6scht.<\/p>\n\n\n\n<p>Durch \u00c4ndern oder Ver\u00f6ffentlichung einer Publikation wird ein zus\u00e4tzliches Cookie in Ihrem Browser gespeichert. Dieses Cookie enth\u00e4lt keine personenbezogenen Daten. Es zeigt einfach die ID des gerade bearbeiteten Beitrags an. Es l\u00e4uft nach einem Tag ab.<\/p>\n\n\n\n<h2 class=\"wp-block-heading\">Eingebettete Inhalte von anderen Websites<\/h2>\n\n\n\n<p><strong class=\"privacy-policy-tutorial\">Empfohlener Text: <\/strong>Artikel von dieser Website k\u00f6nnen eingebettete Inhalte (z. B. Videos, Bilder, Artikel usw.) enthalten. Der von anderen Websites eingebettete Inhalt verh\u00e4lt sich so, als ob der Besucher auf diese andere Website gegangen w\u00e4re.<\/p>\n\n\n\n<p>Diese Websites k\u00f6nnen Daten \u00fcber Sie sammeln, Cookies verwenden, Tracking-Tools von Drittanbietern einbetten und Ihre Interaktionen mit diesen eingebetteten Inhalten verfolgen, wenn Sie ein verbundenes Konto auf ihrer Website haben.<\/p>\n\n\n\n<h2 class=\"wp-block-heading\">Nutzung und \u00dcbermittlung Ihrer personenbezogenen Daten<\/h2>\n\n\n\n<p><strong class=\"privacy-policy-tutorial\">Empfohlener Text: <\/strong>Wenn Sie ein Passwort zur\u00fccksetzen, wird Ihre IP-Adresse in die E-Mail zur\u00fcckgesetzt.<\/p>\n\n\n\n<h2 class=\"wp-block-heading\">Speicherzeiten f\u00fcr Ihre Daten<\/h2>\n\n\n\n<p><strong class=\"privacy-policy-tutorial\">Empfohlener Text: <\/strong>Wenn Sie einen Kommentar hinterlassen, werden der Kommentar und seine Metadaten auf unbestimmte Zeit beibehalten. Auf diese Weise k\u00f6nnen Sie die folgenden Kommentare automatisch erkennen und genehmigen, anstatt sie in der Moderationswarteschlange zu belassen.<\/p>\n\n\n\n<p>F\u00fcr Konten, die sich auf unserer Website registrieren (falls zutreffend), speichern wir auch die in ihrem Profil angegebenen personenbezogenen Daten. Alle Konten k\u00f6nnen ihre pers\u00f6nlichen Daten jederzeit anzeigen, \u00e4ndern oder l\u00f6schen (au\u00dfer ihrem Benutzernamen). Site-Manager k\u00f6nnen diese Informationen auch anzeigen und \u00e4ndern.<\/p>\n\n\n\n<h2 class=\"wp-block-heading\">die Rechte, die Sie an Ihren Daten haben<\/h2>\n\n\n\n<p><strong class=\"privacy-policy-tutorial\">Empfohlener Text: <\/strong>Wenn Sie ein Konto haben oder Kommentare auf der Website hinterlassen haben, k\u00f6nnen Sie den Erhalt einer Datei anfordern, die alle personenbezogenen Daten enth\u00e4lt, die wir \u00fcber Sie haben, einschlie\u00dflich derer, die Sie uns zur Verf\u00fcgung gestellt haben. Sie k\u00f6nnen auch die L\u00f6schung personenbezogener Daten \u00fcber Sie verlangen. Hierbei werden keine aus administrativen, rechtlichen oder sicherheitstechnischen Gr\u00fcnden gespeicherten Daten ber\u00fccksichtigt.<\/p>\n\n\n\n<h2 class=\"wp-block-heading\">Wohin Ihre Daten gesendet werden<\/h2>\n\n\n\n<p><strong class=\"privacy-policy-tutorial\">Empfohlener Text: <\/strong>Das Feedback der Besucher kann mit einem automatisierten, unerw\u00fcnschten Kommentar zur Erkennung von Kommentaren \u00fcberpr\u00fcft werden.<\/p>\n","protected":false},"excerpt":{"rendered":"<p>Wer sind wir? Empfohlener Text: Die Adresse unserer Website lautet: https:\/\/refontesite.com\/eastwisefonte. Bemerkungen Empfohlener Text: Wenn Sie auf unserer Website einen Kommentar hinterlassen, werden die im Kommentarformular eingegebenen Daten sowie Ihre IP-Adresse und Ihr Browser-Benutzeragent erhoben, um uns dabei zu helfen, unerw\u00fcnschte Kommentare zu erkennen. Eine anonymisierte Zeichenfolge, die aus Ihrer E-Mail-Adresse (auch Hash genannt) erstellt [&hellip;]<\/p>\n","protected":false},"author":1,"featured_media":0,"parent":0,"menu_order":0,"comment_status":"closed","ping_status":"open","template":"elementor_header_footer","meta":{"_eb_attr":"","footnotes":""},"class_list":["post-6853","page","type-page","status-publish","hentry"],"lang":"de","translations":{"de":6853,"en":6299,"fr":3},"pll_sync_post":[],"_links":{"self":[{"href":"https:\/\/refontesite.com\/eastwiserefonte\/wp-json\/wp\/v2\/pages\/6853","targetHints":{"allow":["GET"]}}],"collection":[{"href":"https:\/\/refontesite.com\/eastwiserefonte\/wp-json\/wp\/v2\/pages"}],"about":[{"href":"https:\/\/refontesite.com\/eastwiserefonte\/wp-json\/wp\/v2\/types\/page"}],"author":[{"embeddable":true,"href":"https:\/\/refontesite.com\/eastwiserefonte\/wp-json\/wp\/v2\/users\/1"}],"replies":[{"embeddable":true,"href":"https:\/\/refontesite.com\/eastwiserefonte\/wp-json\/wp\/v2\/comments?post=6853"}],"version-history":[{"count":1,"href":"https:\/\/refontesite.com\/eastwiserefonte\/wp-json\/wp\/v2\/pages\/6853\/revisions"}],"predecessor-version":[{"id":6854,"href":"https:\/\/refontesite.com\/eastwiserefonte\/wp-json\/wp\/v2\/pages\/6853\/revisions\/6854"}],"wp:attachment":[{"href":"https:\/\/refontesite.com\/eastwiserefonte\/wp-json\/wp\/v2\/media?parent=6853"}],"curies":[{"name":"wp","href":"https:\/\/api.w.org\/{rel}","templated":true}]}}