{"id":6892,"date":"2025-10-18T17:32:46","date_gmt":"2025-10-18T15:32:46","guid":{"rendered":"https:\/\/refontesite.com\/eastwiserefonte\/?page_id=6892"},"modified":"2025-11-18T19:13:00","modified_gmt":"2025-11-18T18:13:00","slug":"dienstleistungen","status":"publish","type":"page","link":"https:\/\/refontesite.com\/eastwiserefonte\/de\/dienstleistungen\/","title":{"rendered":"Services"},"content":{"rendered":"\t\t<div data-elementor-type=\"wp-page\" data-elementor-id=\"6892\" class=\"elementor elementor-6892\" data-elementor-post-type=\"page\">\n\t\t\t\t<div class=\"elementor-element elementor-element-1bd49d03 e-flex e-con-boxed e-con e-parent\" data-id=\"1bd49d03\" data-element_type=\"container\" data-settings=\"{&quot;background_background&quot;:&quot;classic&quot;}\">\n\t\t\t\t\t<div class=\"e-con-inner\">\n\t\t\t\t<div class=\"elementor-element elementor-element-65e81666 elementor-widget elementor-widget-spacer\" data-id=\"65e81666\" data-element_type=\"widget\" data-widget_type=\"spacer.default\">\n\t\t\t\t\t\t\t<div class=\"elementor-spacer\">\n\t\t\t<div class=\"elementor-spacer-inner\"><\/div>\n\t\t<\/div>\n\t\t\t\t\t\t<\/div>\n\t\t\t\t<div class=\"elementor-element elementor-element-7bd9da5f elementor-widget elementor-widget-heading\" data-id=\"7bd9da5f\" data-element_type=\"widget\" data-widget_type=\"heading.default\">\n\t\t\t\t\t<h1 class=\"elementor-heading-title elementor-size-default\">Services<\/h1>\t\t\t\t<\/div>\n\t\t\t\t<div class=\"elementor-element elementor-element-63a2e24c elementor-widget elementor-widget-eael-breadcrumbs\" data-id=\"63a2e24c\" data-element_type=\"widget\" data-widget_type=\"eael-breadcrumbs.default\">\n\t\t\t\t<div class=\"elementor-widget-container\">\n\t\t\t\t\t\t\t<div class=\"eael-breadcrumbs\">\n\t\t\t<div class=\"eael-breadcrumbs__content\"><a href=\"https:\/\/refontesite.com\/eastwiserefonte\">Zuhause<\/a> <span class=\"eael-breadcrumb-separator\">\/<\/span> <span class = \"eael-current\">Page<\/span><\/div>\t\t<\/div>\n\t\t\t\t\t\t<\/div>\n\t\t\t\t<\/div>\n\t\t\t\t\t<\/div>\n\t\t\t\t<\/div>\n\t\t<div class=\"elementor-element elementor-element-f5d74f8 e-flex e-con-boxed e-con e-parent\" data-id=\"f5d74f8\" data-element_type=\"container\" data-settings=\"{&quot;background_background&quot;:&quot;classic&quot;}\">\n\t\t\t\t\t<div class=\"e-con-inner\">\n\t\t\t\t<div class=\"elementor-element elementor-element-4228955 elementor-widget elementor-widget-spacer\" data-id=\"4228955\" data-element_type=\"widget\" data-widget_type=\"spacer.default\">\n\t\t\t\t\t\t\t<div class=\"elementor-spacer\">\n\t\t\t<div class=\"elementor-spacer-inner\"><\/div>\n\t\t<\/div>\n\t\t\t\t\t\t<\/div>\n\t\t\t\t<div class=\"elementor-element elementor-element-94f4d4e elementor-widget elementor-widget-heading\" data-id=\"94f4d4e\" data-element_type=\"widget\" data-widget_type=\"heading.default\">\n\t\t\t\t\t<h2 class=\"elementor-heading-title elementor-size-default\">tailor-made solution\n <br>F\u00fcr jede Phase Ihrer Lieferkette<\/h2>\t\t\t\t<\/div>\n\t\t\t\t<div class=\"elementor-element elementor-element-ea95f36 elementor-widget elementor-widget-image\" data-id=\"ea95f36\" data-element_type=\"widget\" data-widget_type=\"image.default\">\n\t\t\t\t\t\t\t\t\t\t\t\t\t\t\t<img decoding=\"async\" width=\"185\" height=\"31\" src=\"https:\/\/refontesite.com\/eastwiserefonte\/wp-content\/uploads\/2025\/09\/SEPARATEUR-1.png\" class=\"attachment-full size-full wp-image-1090\" alt=\"SEPARATEUR.png\" \/>\t\t\t\t\t\t\t\t\t\t\t\t\t\t\t<\/div>\n\t\t\t\t<div class=\"elementor-element elementor-element-15f820d elementor-widget elementor-widget-text-editor\" data-id=\"15f820d\" data-element_type=\"widget\" data-widget_type=\"text-editor.default\">\n\t\t\t\t\t\t\t\t\tUnsere Mission: Sie zu versorgen <strong>Zuverl\u00e4ssige, reaktionsschnelle und ma\u00dfgeschneiderte Dienstleistungen<\/strong> Zur Unterst\u00fctzung Ihrer Beschaffungs-, Qualit\u00e4ts- oder Logistikprojekte. Egal ob einmaliger Auftrag oder langfristige Unterst\u00fctzung, <strong>Eastwise mobilisiert seine Teams vor Ort in <b>Asien, S\u00fcdostasien und Nordafrika<\/b><\/strong> Um den Erfolg Ihres industriellen und kommerziellen Gesch\u00e4fts zu gew\u00e4hrleisten. Bieten wir <strong>Drei erg\u00e4nzende Arten von Dienstleistungen<\/strong> that can be activated at any time based on your needs.\n\t\t\t\t\t\t\t\t<\/div>\n\t\t\t\t\t<\/div>\n\t\t\t\t<\/div>\n\t\t<div class=\"elementor-element elementor-element-541e3318 e-flex e-con-boxed e-con e-parent\" data-id=\"541e3318\" data-element_type=\"container\" data-settings=\"{&quot;background_background&quot;:&quot;classic&quot;}\">\n\t\t\t\t\t<div class=\"e-con-inner\">\n\t\t<div class=\"elementor-element elementor-element-17f79ce7 e-con-full e-flex elementor-invisible e-con e-child\" data-id=\"17f79ce7\" data-element_type=\"container\" data-settings=\"{&quot;background_background&quot;:&quot;classic&quot;,&quot;animation&quot;:&quot;slideInLeft&quot;}\">\n\t\t\t\t<div class=\"elementor-element elementor-element-2928c elementor-widget elementor-widget-heading\" data-id=\"2928c\" data-element_type=\"widget\" data-widget_type=\"heading.default\">\n\t\t\t\t\t<h2 class=\"elementor-heading-title elementor-size-default\">Sourcing-Dienstleistungen<\/h2>\t\t\t\t<\/div>\n\t\t\t\t<div class=\"elementor-element elementor-element-a3dda34 elementor-widget elementor-widget-image\" data-id=\"a3dda34\" data-element_type=\"widget\" data-widget_type=\"image.default\">\n\t\t\t\t\t\t\t\t\t\t\t\t\t\t\t<img decoding=\"async\" width=\"157\" height=\"20\" src=\"https:\/\/refontesite.com\/eastwiserefonte\/wp-content\/uploads\/2025\/09\/separateur-jaune-1.png\" class=\"attachment-full size-full wp-image-1134\" alt=\"separateur-jaune.png\" srcset=\"https:\/\/refontesite.com\/eastwiserefonte\/wp-content\/uploads\/2025\/09\/separateur-jaune-1.png 157w, https:\/\/refontesite.com\/eastwiserefonte\/wp-content\/uploads\/2025\/09\/separateur-jaune-1-150x20.png 150w\" sizes=\"(max-width: 157px) 100vw, 157px\" \/>\t\t\t\t\t\t\t\t\t\t\t\t\t\t\t<\/div>\n\t\t\t\t<div class=\"elementor-element elementor-element-62247e1b elementor-widget elementor-widget-image\" data-id=\"62247e1b\" data-element_type=\"widget\" data-widget_type=\"image.default\">\n\t\t\t\t\t\t\t\t\t\t\t\t\t\t\t<img fetchpriority=\"high\" decoding=\"async\" width=\"800\" height=\"500\" src=\"https:\/\/refontesite.com\/eastwiserefonte\/wp-content\/uploads\/2025\/10\/SOURCING-1024x640.webp\" class=\"attachment-large size-large wp-image-4564\" alt=\"SOURCING\" srcset=\"https:\/\/refontesite.com\/eastwiserefonte\/wp-content\/uploads\/2025\/10\/SOURCING-1024x640.webp 1024w, https:\/\/refontesite.com\/eastwiserefonte\/wp-content\/uploads\/2025\/10\/SOURCING-300x188.webp 300w, https:\/\/refontesite.com\/eastwiserefonte\/wp-content\/uploads\/2025\/10\/SOURCING-768x480.webp 768w, https:\/\/refontesite.com\/eastwiserefonte\/wp-content\/uploads\/2025\/10\/SOURCING.webp 1281w\" sizes=\"(max-width: 800px) 100vw, 800px\" \/>\t\t\t\t\t\t\t\t\t\t\t\t\t\t\t<\/div>\n\t\t\t\t<div class=\"elementor-element elementor-element-73e5b364 elementor-align-center elementor-widget elementor-widget-button\" data-id=\"73e5b364\" data-element_type=\"widget\" data-widget_type=\"button.default\">\n\t\t\t\t\t\t\t\t\t\t<a class=\"elementor-button elementor-button-link elementor-size-sm\" href=\"https:\/\/refontesite.com\/eastwiserefonte\/de\/beschaffung-und-einkauf-in-asien\/\">\n\t\t\t\t\t\t<span class=\"elementor-button-content-wrapper\">\n\t\t\t\t\t\t\t\t\t<span class=\"elementor-button-text\">Lern mehr<\/span>\n\t\t\t\t\t<\/span>\n\t\t\t\t\t<\/a>\n\t\t\t\t\t\t\t\t<\/div>\n\t\t\t\t<\/div>\n\t\t<div class=\"elementor-element elementor-element-70c31b84 e-con-full e-flex elementor-invisible e-con e-child\" data-id=\"70c31b84\" data-element_type=\"container\" data-settings=\"{&quot;background_background&quot;:&quot;classic&quot;,&quot;animation&quot;:&quot;slideInUp&quot;}\">\n\t\t\t\t<div class=\"elementor-element elementor-element-509cacfb elementor-widget elementor-widget-heading\" data-id=\"509cacfb\" data-element_type=\"widget\" data-widget_type=\"heading.default\">\n\t\t\t\t\t<h2 class=\"elementor-heading-title elementor-size-default\">Qualit\u00e4tsdienstleistungen<\/h2>\t\t\t\t<\/div>\n\t\t\t\t<div class=\"elementor-element elementor-element-36cdc31c elementor-widget elementor-widget-image\" data-id=\"36cdc31c\" data-element_type=\"widget\" data-widget_type=\"image.default\">\n\t\t\t\t\t\t\t\t\t\t\t\t\t\t\t<img decoding=\"async\" width=\"157\" height=\"20\" src=\"https:\/\/refontesite.com\/eastwiserefonte\/wp-content\/uploads\/2025\/09\/separateur-jaune-1.png\" class=\"attachment-full size-full wp-image-1134\" alt=\"separateur-jaune.png\" srcset=\"https:\/\/refontesite.com\/eastwiserefonte\/wp-content\/uploads\/2025\/09\/separateur-jaune-1.png 157w, https:\/\/refontesite.com\/eastwiserefonte\/wp-content\/uploads\/2025\/09\/separateur-jaune-1-150x20.png 150w\" sizes=\"(max-width: 157px) 100vw, 157px\" \/>\t\t\t\t\t\t\t\t\t\t\t\t\t\t\t<\/div>\n\t\t\t\t<div class=\"elementor-element elementor-element-57c7326c elementor-widget elementor-widget-image\" data-id=\"57c7326c\" data-element_type=\"widget\" data-widget_type=\"image.default\">\n\t\t\t\t\t\t\t\t\t\t\t\t\t\t\t<img loading=\"lazy\" decoding=\"async\" width=\"800\" height=\"501\" src=\"https:\/\/refontesite.com\/eastwiserefonte\/wp-content\/uploads\/2025\/10\/QUALITY-1024x641.webp\" class=\"attachment-large size-large wp-image-4565\" alt=\"QUALITY\" srcset=\"https:\/\/refontesite.com\/eastwiserefonte\/wp-content\/uploads\/2025\/10\/QUALITY-1024x641.webp 1024w, https:\/\/refontesite.com\/eastwiserefonte\/wp-content\/uploads\/2025\/10\/QUALITY-300x188.webp 300w, https:\/\/refontesite.com\/eastwiserefonte\/wp-content\/uploads\/2025\/10\/QUALITY-768x481.webp 768w, https:\/\/refontesite.com\/eastwiserefonte\/wp-content\/uploads\/2025\/10\/QUALITY.webp 1280w\" sizes=\"(max-width: 800px) 100vw, 800px\" \/>\t\t\t\t\t\t\t\t\t\t\t\t\t\t\t<\/div>\n\t\t\t\t<div class=\"elementor-element elementor-element-15cb90ee elementor-align-center elementor-widget elementor-widget-button\" data-id=\"15cb90ee\" data-element_type=\"widget\" data-widget_type=\"button.default\">\n\t\t\t\t\t\t\t\t\t\t<a class=\"elementor-button elementor-button-link elementor-size-sm\" href=\"https:\/\/refontesite.com\/eastwiserefonte\/de\/qualitatskontrolle-in-asien\/\">\n\t\t\t\t\t\t<span class=\"elementor-button-content-wrapper\">\n\t\t\t\t\t\t\t\t\t<span class=\"elementor-button-text\">Lern mehr<\/span>\n\t\t\t\t\t<\/span>\n\t\t\t\t\t<\/a>\n\t\t\t\t\t\t\t\t<\/div>\n\t\t\t\t<\/div>\n\t\t<div class=\"elementor-element elementor-element-15329b8e e-con-full e-flex elementor-invisible e-con e-child\" data-id=\"15329b8e\" data-element_type=\"container\" data-settings=\"{&quot;background_background&quot;:&quot;classic&quot;,&quot;animation&quot;:&quot;slideInRight&quot;}\">\n\t\t\t\t<div class=\"elementor-element elementor-element-375f04de elementor-widget elementor-widget-heading\" data-id=\"375f04de\" data-element_type=\"widget\" data-widget_type=\"heading.default\">\n\t\t\t\t\t<h2 class=\"elementor-heading-title elementor-size-default\">Logistikdienstleistungen<\/h2>\t\t\t\t<\/div>\n\t\t\t\t<div class=\"elementor-element elementor-element-6cb4ea7c elementor-widget elementor-widget-image\" data-id=\"6cb4ea7c\" data-element_type=\"widget\" data-widget_type=\"image.default\">\n\t\t\t\t\t\t\t\t\t\t\t\t\t\t\t<img decoding=\"async\" width=\"185\" height=\"31\" src=\"https:\/\/refontesite.com\/eastwiserefonte\/wp-content\/uploads\/2025\/09\/SEPARATEUR-1.png\" class=\"attachment-full size-full wp-image-1090\" alt=\"SEPARATEUR.png\" \/>\t\t\t\t\t\t\t\t\t\t\t\t\t\t\t<\/div>\n\t\t\t\t<div class=\"elementor-element elementor-element-4b3d4575 elementor-widget elementor-widget-image\" data-id=\"4b3d4575\" data-element_type=\"widget\" data-widget_type=\"image.default\">\n\t\t\t\t\t\t\t\t\t\t\t\t\t\t\t<img loading=\"lazy\" decoding=\"async\" width=\"800\" height=\"500\" src=\"https:\/\/refontesite.com\/eastwiserefonte\/wp-content\/uploads\/2025\/10\/LOGISTIC-1024x640.webp\" class=\"attachment-large size-large wp-image-4566\" alt=\"logistic services\" srcset=\"https:\/\/refontesite.com\/eastwiserefonte\/wp-content\/uploads\/2025\/10\/LOGISTIC-1024x640.webp 1024w, https:\/\/refontesite.com\/eastwiserefonte\/wp-content\/uploads\/2025\/10\/LOGISTIC-300x187.webp 300w, https:\/\/refontesite.com\/eastwiserefonte\/wp-content\/uploads\/2025\/10\/LOGISTIC-768x480.webp 768w, https:\/\/refontesite.com\/eastwiserefonte\/wp-content\/uploads\/2025\/10\/LOGISTIC.webp 1281w\" sizes=\"(max-width: 800px) 100vw, 800px\" \/>\t\t\t\t\t\t\t\t\t\t\t\t\t\t\t<\/div>\n\t\t\t\t<div class=\"elementor-element elementor-element-4c2359c elementor-align-center elementor-widget elementor-widget-button\" data-id=\"4c2359c\" data-element_type=\"widget\" data-widget_type=\"button.default\">\n\t\t\t\t\t\t\t\t\t\t<a class=\"elementor-button elementor-button-link elementor-size-sm\" href=\"https:\/\/refontesite.com\/eastwiserefonte\/de\/logistikdienstleistungen\/\">\n\t\t\t\t\t\t<span class=\"elementor-button-content-wrapper\">\n\t\t\t\t\t\t\t\t\t<span class=\"elementor-button-text\">Lern mehr<\/span>\n\t\t\t\t\t<\/span>\n\t\t\t\t\t<\/a>\n\t\t\t\t\t\t\t\t<\/div>\n\t\t\t\t<\/div>\n\t\t\t\t\t<\/div>\n\t\t\t\t<\/div>\n\t\t<div class=\"elementor-element elementor-element-d8e7e7d e-flex e-con-boxed e-con e-parent\" data-id=\"d8e7e7d\" data-element_type=\"container\" data-settings=\"{&quot;background_background&quot;:&quot;classic&quot;}\">\n\t\t\t\t\t<div class=\"e-con-inner\">\n\t\t\t\t<div class=\"elementor-element elementor-element-4c2e0df elementor-widget elementor-widget-spacer\" data-id=\"4c2e0df\" data-element_type=\"widget\" data-widget_type=\"spacer.default\">\n\t\t\t\t\t\t\t<div class=\"elementor-spacer\">\n\t\t\t<div class=\"elementor-spacer-inner\"><\/div>\n\t\t<\/div>\n\t\t\t\t\t\t<\/div>\n\t\t\t\t<div class=\"elementor-element elementor-element-cda428b elementor-widget elementor-widget-heading\" data-id=\"cda428b\" data-element_type=\"widget\" data-widget_type=\"heading.default\">\n\t\t\t\t\t<h2 class=\"elementor-heading-title elementor-size-default\">Why work with EASTWISE Services?\n<\/h2>\t\t\t\t<\/div>\n\t\t\t\t<div class=\"elementor-element elementor-element-64ea37c elementor-widget elementor-widget-image\" data-id=\"64ea37c\" data-element_type=\"widget\" data-widget_type=\"image.default\">\n\t\t\t\t\t\t\t\t\t\t\t\t\t\t\t<img decoding=\"async\" width=\"185\" height=\"31\" src=\"https:\/\/refontesite.com\/eastwiserefonte\/wp-content\/uploads\/2025\/09\/SEPARATEUR-1.png\" class=\"attachment-full size-full wp-image-1090\" alt=\"SEPARATEUR.png\" \/>\t\t\t\t\t\t\t\t\t\t\t\t\t\t\t<\/div>\n\t\t\t\t<div class=\"elementor-element elementor-element-b908e62 elementor-widget elementor-widget-text-editor\" data-id=\"b908e62\" data-element_type=\"widget\" data-widget_type=\"text-editor.default\">\n\t\t\t\t\t\t\t\t\t<ul>\n  <li>Vor-Ort-Expertise auf 20-j\u00e4hriger Erfahrung in Asien.<\/li>\n  <li>Ein mehrsprachiges Multisite-Team in st\u00e4ndigem Kontakt mit Ihren lokalen Partnern.<\/li>\n  <li>Ein modularer Ansatz &#8211; Sie aktivieren nur die Dienste, die Sie ben\u00f6tigen.<\/li>\n  <li>Totale Transparenz und Genauigkeit bei der Ausf\u00fchrung und Berichterstattung.<\/li>\n<\/ul>\n\t\t\t\t\t\t\t\t<\/div>\n\t\t\t\t\t<\/div>\n\t\t\t\t<\/div>\n\t\t<div class=\"elementor-element elementor-element-17b75980 e-con-full e-flex e-con e-parent\" data-id=\"17b75980\" data-element_type=\"container\" data-settings=\"{&quot;background_background&quot;:&quot;classic&quot;}\">\n\t\t<div class=\"elementor-element elementor-element-100ae191 e-con-full e-flex e-con e-child\" data-id=\"100ae191\" data-element_type=\"container\" data-settings=\"{&quot;background_background&quot;:&quot;classic&quot;}\">\n\t\t\t\t<div class=\"elementor-element elementor-element-914e2ab elementor-widget elementor-widget-spacer\" data-id=\"914e2ab\" data-element_type=\"widget\" data-widget_type=\"spacer.default\">\n\t\t\t\t\t\t\t<div class=\"elementor-spacer\">\n\t\t\t<div class=\"elementor-spacer-inner\"><\/div>\n\t\t<\/div>\n\t\t\t\t\t\t<\/div>\n\t\t\t\t<div class=\"elementor-element elementor-element-24df6364 elementor-widget elementor-widget-heading\" data-id=\"24df6364\" data-element_type=\"widget\" data-widget_type=\"heading.default\">\n\t\t\t\t\t<h3 class=\"elementor-heading-title elementor-size-default\">Haben Sie ein einmaliges Bed\u00fcrfnis?<br> Ein langfristigeres Projekt?<\/h3>\t\t\t\t<\/div>\n\t\t\t\t<div class=\"elementor-element elementor-element-396fc30f elementor-widget elementor-widget-text-editor\" data-id=\"396fc30f\" data-element_type=\"widget\" data-widget_type=\"text-editor.default\">\n\t\t\t\t\t\t\t\t\t<strong>Unsere Teams sind hier, um zuzuh\u00f6ren.<\/strong>\n\t\t\t\t\t\t\t\t<\/div>\n\t\t\t\t<div class=\"elementor-element elementor-element-2929b2fe elementor-align-center elementor-widget elementor-widget-button\" data-id=\"2929b2fe\" data-element_type=\"widget\" data-widget_type=\"button.default\">\n\t\t\t\t\t\t\t\t\t\t<a class=\"elementor-button elementor-button-link elementor-size-sm\" href=\"https:\/\/refontesite.com\/eastwiserefonte\/de\/kontakt\/\">\n\t\t\t\t\t\t<span class=\"elementor-button-content-wrapper\">\n\t\t\t\t\t\t\t\t\t<span class=\"elementor-button-text\">Kontaktiere uns<\/span>\n\t\t\t\t\t<\/span>\n\t\t\t\t\t<\/a>\n\t\t\t\t\t\t\t\t<\/div>\n\t\t\t\t<div class=\"elementor-element elementor-element-27cb07dc elementor-widget elementor-widget-spacer\" data-id=\"27cb07dc\" data-element_type=\"widget\" data-widget_type=\"spacer.default\">\n\t\t\t\t\t\t\t<div class=\"elementor-spacer\">\n\t\t\t<div class=\"elementor-spacer-inner\"><\/div>\n\t\t<\/div>\n\t\t\t\t\t\t<\/div>\n\t\t\t\t<\/div>\n\t\t\t\t<\/div>\n\t\t\t\t<\/div>\n\t\t","protected":false},"excerpt":{"rendered":"<p>Services Zuhause \/ Page tailor-made solution F\u00fcr jede Phase Ihrer Lieferkette Unsere Mission: Sie zu versorgen Zuverl\u00e4ssige, reaktionsschnelle und ma\u00dfgeschneiderte Dienstleistungen Zur Unterst\u00fctzung Ihrer Beschaffungs-, Qualit\u00e4ts- oder Logistikprojekte. Egal ob einmaliger Auftrag oder langfristige Unterst\u00fctzung, Eastwise mobilisiert seine Teams vor Ort in Asien, S\u00fcdostasien und Nordafrika Um den Erfolg Ihres industriellen und kommerziellen Gesch\u00e4fts zu [&hellip;]<\/p>\n","protected":false},"author":1,"featured_media":0,"parent":0,"menu_order":0,"comment_status":"closed","ping_status":"closed","template":"elementor_header_footer","meta":{"_eb_attr":"","footnotes":""},"class_list":["post-6892","page","type-page","status-publish","hentry"],"lang":"de","translations":{"de":6892,"en":6253,"fr":3986},"pll_sync_post":[],"_links":{"self":[{"href":"https:\/\/refontesite.com\/eastwiserefonte\/wp-json\/wp\/v2\/pages\/6892","targetHints":{"allow":["GET"]}}],"collection":[{"href":"https:\/\/refontesite.com\/eastwiserefonte\/wp-json\/wp\/v2\/pages"}],"about":[{"href":"https:\/\/refontesite.com\/eastwiserefonte\/wp-json\/wp\/v2\/types\/page"}],"author":[{"embeddable":true,"href":"https:\/\/refontesite.com\/eastwiserefonte\/wp-json\/wp\/v2\/users\/1"}],"replies":[{"embeddable":true,"href":"https:\/\/refontesite.com\/eastwiserefonte\/wp-json\/wp\/v2\/comments?post=6892"}],"version-history":[{"count":24,"href":"https:\/\/refontesite.com\/eastwiserefonte\/wp-json\/wp\/v2\/pages\/6892\/revisions"}],"predecessor-version":[{"id":7681,"href":"https:\/\/refontesite.com\/eastwiserefonte\/wp-json\/wp\/v2\/pages\/6892\/revisions\/7681"}],"wp:attachment":[{"href":"https:\/\/refontesite.com\/eastwiserefonte\/wp-json\/wp\/v2\/media?parent=6892"}],"curies":[{"name":"wp","href":"https:\/\/api.w.org\/{rel}","templated":true}]}}